{"id":1544,"date":"2018-05-15T16:18:48","date_gmt":"2018-05-15T16:18:48","guid":{"rendered":"http:\/\/woodmaster.ee\/masinapark\/"},"modified":"2018-07-04T09:19:33","modified_gmt":"2018-07-04T09:19:33","slug":"masinapark","status":"publish","type":"page","link":"https:\/\/woodmaster.ee\/en\/masinapark\/","title":{"rendered":"Machinery"},"content":{"rendered":"<div class=\"wpb-content-wrapper\">[vc_row full_width=&#8221;stretch_row_content&#8221; bg_type=&#8221;image&#8221; parallax_style=&#8221;vcpb-vz-jquery&#8221; bg_image_new=&#8221;id^1227|url^http:\/\/woodmaster.ee\/wp-content\/uploads\/2018\/06\/alamleht-tiny-4.jpg|caption^null|alt^null|title^alamleht-tiny-4|description^null&#8221; bg_image_repeat=&#8221;no-repeat&#8221; css=&#8221;.vc_custom_1528106252686{margin-bottom: -2px !important;}&#8221;][vc_column][vc_empty_space height=&#8221;380px&#8221;][\/vc_column][\/vc_row][vc_row full_width=&#8221;stretch_row_content&#8221; css_animation=&#8221;none&#8221; bg_type=&#8221;bg_color&#8221; bg_color_value=&#8221;#dee0de&#8221;][vc_column]<div id=\"ultimate-heading-191769fb58d49b2e9\" class=\"uvc-heading ult-adjust-bottom-margin ultimate-heading-191769fb58d49b2e9 uvc-7136 \" data-hspacer=\"no_spacer\"  data-halign=\"center\" style=\"text-align:center\"><div class=\"uvc-heading-spacer no_spacer\" style=\"top\"><\/div><div class=\"uvc-main-heading ult-responsive\"  data-ultimate-target='.uvc-heading.ultimate-heading-191769fb58d49b2e9 h2'  data-responsive-json-new='{\"font-size\":\"desktop:32px;\",\"line-height\":\"\"}' ><h2 style=\"font-family:&#039;Roboto&#039;;font-weight:700;color:#122c34;margin-top:-20px;margin-bottom:10px;\">MACHINERY<\/h2><\/div><\/div>[\/vc_column][\/vc_row][vc_row full_width=&#8221;stretch_row&#8221; bg_type=&#8221;bg_color&#8221; bg_color_value=&#8221;#fdfffc&#8221;][vc_column width=&#8221;1\/2&#8243;][vc_column_text css_animation=&#8221;slideInLeft&#8221; css=&#8221;.vc_custom_1529835896476{margin-top: -50px !important;margin-bottom: -1px !important;}&#8221;]\n<h5 style=\"text-align: right;\">LOGGING<\/h5>\n[\/vc_column_text][vc_column_text css_animation=&#8221;slideInLeft&#8221;]\n<p style=\"text-align: right;\">Harvester John Deere 1070D (2004 y.m.)<\/p>\n[\/vc_column_text][vc_single_image image=&#8221;264&#8243; img_size=&#8221;full&#8221; alignment=&#8221;center&#8221; css_animation=&#8221;slideInLeft&#8221;][vc_empty_space height=&#8221;22px&#8221;][\/vc_column][vc_column width=&#8221;1\/2&#8243;][vc_column_text css_animation=&#8221;slideInRight&#8221; css=&#8221;.vc_custom_1529835915546{margin-top: -50px !important;margin-bottom: -1px !important;}&#8221;]\n<h5>TIMBER COLLECTING<\/h5>\n[\/vc_column_text][vc_column_text css_animation=&#8221;slideInRight&#8221;]Forwarder Komatsu 860.4 (2012 y.m.)[\/vc_column_text][vc_single_image image=&#8221;266&#8243; img_size=&#8221;full&#8221; alignment=&#8221;center&#8221; css_animation=&#8221;slideInRight&#8221;][vc_empty_space height=&#8221;22px&#8221;][\/vc_column][\/vc_row][vc_row full_width=&#8221;stretch_row&#8221; bg_type=&#8221;bg_color&#8221; bg_color_value=&#8221;#dee0de&#8221;][vc_column width=&#8221;1\/2&#8243;][vc_column_text css_animation=&#8221;slideInLeft&#8221; css=&#8221;.vc_custom_1529835935313{margin-top: -36px !important;margin-bottom: -1px !important;}&#8221;]\n<h5 style=\"text-align: right;\">BRUSH CUTTING<\/h5>\n[\/vc_column_text][vc_column_text css_animation=&#8221;slideInLeft&#8221;]\n<p style=\"text-align: right;\">Excavator Hyundai Robex 16t with energy grapple\u00a0(2012 y.m.)<\/p>\n[\/vc_column_text][vc_single_image image=&#8221;282&#8243; img_size=&#8221;full&#8221; alignment=&#8221;center&#8221; css_animation=&#8221;slideInLeft&#8221;][vc_empty_space height=&#8221;22px&#8221;][\/vc_column][vc_column width=&#8221;1\/2&#8243;][vc_column_text css_animation=&#8221;slideInRight&#8221; css=&#8221;.vc_custom_1530695971188{margin-top: -36px !important;margin-bottom: -1px !important;}&#8221;]\n<h5>EXCAVATION\/DRILLING OF TREE STUMPS<\/h5>\n[\/vc_column_text][vc_column_text css_animation=&#8221;slideInRight&#8221;]Excavator Hyundai\u00a0 HX220L 22t (2017 y.m.)[\/vc_column_text][vc_single_image image=&#8221;284&#8243; img_size=&#8221;full&#8221; alignment=&#8221;center&#8221; css_animation=&#8221;slideInRight&#8221;][vc_empty_space height=&#8221;22px&#8221;][\/vc_column][\/vc_row]\n<\/div>","protected":false},"excerpt":{"rendered":"<p>[vc_row full_width=&#8221;stretch_row_content&#8221; bg_type=&#8221;image&#8221; parallax_style=&#8221;vcpb-vz-jquery&#8221; bg_image_new=&#8221;id^1227|url^http:\/\/woodmaster.ee\/wp-content\/uploads\/2018\/06\/alamleht-tiny-4.jpg|caption^null|alt^null|title^alamleht-tiny-4|description^null&#8221; bg_image_repeat=&#8221;no-repeat&#8221; css=&#8221;.vc_custom_1528106252686{margin-bottom: -2px !important;}&#8221;][vc_column][vc_empty_space height=&#8221;380px&#8221;][\/vc_column][\/vc_row][vc_row full_width=&#8221;stretch_row_content&#8221; css_animation=&#8221;none&#8221; bg_type=&#8221;bg_color&#8221; bg_color_value=&#8221;#dee0de&#8221;][vc_column][\/vc_column][\/vc_row][vc_row full_width=&#8221;stretch_row&#8221; bg_type=&#8221;bg_color&#8221; bg_color_value=&#8221;#fdfffc&#8221;][vc_column width=&#8221;1\/2&#8243;][vc_column_text css_animation=&#8221;slideInLeft&#8221; css=&#8221;.vc_custom_1529835896476{margin-top: -50px !important;margin-bottom: -1px !important;}&#8221;] LOGGING [\/vc_column_text][vc_column_text css_animation=&#8221;slideInLeft&#8221;] Harvester John Deere 1070D (2004 y.m.) [\/vc_column_text][vc_single_image image=&#8221;264&#8243; img_size=&#8221;full&#8221; alignment=&#8221;center&#8221; css_animation=&#8221;slideInLeft&#8221;][vc_empty_space height=&#8221;22px&#8221;][\/vc_column][vc_column width=&#8221;1\/2&#8243;][vc_column_text css_animation=&#8221;slideInRight&#8221; css=&#8221;.vc_custom_1529835915546{margin-top: -50px !important;margin-bottom: -1px !important;}&#8221;] TIMBER COLLECTING [\/vc_column_text][vc_column_text css_animation=&#8221;slideInRight&#8221;]Forwarder Komatsu 860.4 (2012 y.m.)[\/vc_column_text][vc_single_image image=&#8221;266&#8243; img_size=&#8221;full&#8221; alignment=&#8221;center&#8221; css_animation=&#8221;slideInRight&#8221;][vc_empty_space height=&#8221;22px&#8221;][\/vc_column][\/vc_row][vc_row full_width=&#8221;stretch_row&#8221; &#8230; <\/p>\n<div><a href=\"https:\/\/woodmaster.ee\/en\/masinapark\/\" class=\"more-link\">Read More<\/a><\/div>\n","protected":false},"author":1,"featured_media":0,"parent":0,"menu_order":0,"comment_status":"closed","ping_status":"closed","template":"template-blank-1.php","meta":{"footnotes":""},"yoast_head":"<!-- This site is optimized with the Yoast SEO plugin v22.0 - https:\/\/yoast.com\/wordpress\/plugins\/seo\/ -->\n<title>Machinery - Woodmaster O\u00dc<\/title>\n<meta name=\"robots\" content=\"index, follow, max-snippet:-1, max-image-preview:large, max-video-preview:-1\" \/>\n<link rel=\"canonical\" href=\"http:\/\/woodmaster.ee\/en\/masinapark\/\" \/>\n<meta property=\"og:locale\" content=\"en_US\" \/>\n<meta property=\"og:type\" content=\"article\" \/>\n<meta property=\"og:title\" content=\"Machinery - Woodmaster O\u00dc\" \/>\n<meta property=\"og:description\" content=\"[vc_row full_width=&#8221;stretch_row_content&#8221; bg_type=&#8221;image&#8221; parallax_style=&#8221;vcpb-vz-jquery&#8221; bg_image_new=&#8221;id^1227|url^http:\/\/woodmaster.ee\/wp-content\/uploads\/2018\/06\/alamleht-tiny-4.jpg|caption^null|alt^null|title^alamleht-tiny-4|description^null&#8221; bg_image_repeat=&#8221;no-repeat&#8221; css=&#8221;.vc_custom_1528106252686{margin-bottom: -2px !important;}&#8221;][vc_column][vc_empty_space height=&#8221;380px&#8221;][\/vc_column][\/vc_row][vc_row full_width=&#8221;stretch_row_content&#8221; css_animation=&#8221;none&#8221; bg_type=&#8221;bg_color&#8221; bg_color_value=&#8221;#dee0de&#8221;][vc_column][\/vc_column][\/vc_row][vc_row full_width=&#8221;stretch_row&#8221; bg_type=&#8221;bg_color&#8221; bg_color_value=&#8221;#fdfffc&#8221;][vc_column width=&#8221;1\/2&#8243;][vc_column_text css_animation=&#8221;slideInLeft&#8221; css=&#8221;.vc_custom_1529835896476{margin-top: -50px !important;margin-bottom: -1px !important;}&#8221;] LOGGING [\/vc_column_text][vc_column_text css_animation=&#8221;slideInLeft&#8221;] Harvester John Deere 1070D (2004 y.m.) [\/vc_column_text][vc_single_image image=&#8221;264&#8243; img_size=&#8221;full&#8221; alignment=&#8221;center&#8221; css_animation=&#8221;slideInLeft&#8221;][vc_empty_space height=&#8221;22px&#8221;][\/vc_column][vc_column width=&#8221;1\/2&#8243;][vc_column_text css_animation=&#8221;slideInRight&#8221; css=&#8221;.vc_custom_1529835915546{margin-top: -50px !important;margin-bottom: -1px !important;}&#8221;] TIMBER COLLECTING [\/vc_column_text][vc_column_text css_animation=&#8221;slideInRight&#8221;]Forwarder Komatsu 860.4 (2012 y.m.)[\/vc_column_text][vc_single_image image=&#8221;266&#8243; img_size=&#8221;full&#8221; alignment=&#8221;center&#8221; css_animation=&#8221;slideInRight&#8221;][vc_empty_space height=&#8221;22px&#8221;][\/vc_column][\/vc_row][vc_row full_width=&#8221;stretch_row&#8221; ... Read More\" \/>\n<meta property=\"og:url\" content=\"http:\/\/woodmaster.ee\/en\/masinapark\/\" \/>\n<meta property=\"og:site_name\" content=\"Woodmaster O\u00dc\" \/>\n<meta property=\"article:modified_time\" content=\"2018-07-04T09:19:33+00:00\" \/>\n<meta name=\"twitter:card\" content=\"summary_large_image\" \/>\n<meta name=\"twitter:label1\" content=\"Est. reading time\" \/>\n\t<meta name=\"twitter:data1\" content=\"2 minutes\" \/>\n<script type=\"application\/ld+json\" class=\"yoast-schema-graph\">{\"@context\":\"https:\/\/schema.org\",\"@graph\":[{\"@type\":\"WebPage\",\"@id\":\"http:\/\/woodmaster.ee\/en\/masinapark\/\",\"url\":\"http:\/\/woodmaster.ee\/en\/masinapark\/\",\"name\":\"Machinery - Woodmaster O\u00dc\",\"isPartOf\":{\"@id\":\"http:\/\/woodmaster.ee\/#website\"},\"datePublished\":\"2018-05-15T16:18:48+00:00\",\"dateModified\":\"2018-07-04T09:19:33+00:00\",\"breadcrumb\":{\"@id\":\"http:\/\/woodmaster.ee\/en\/masinapark\/#breadcrumb\"},\"inLanguage\":\"en-US\",\"potentialAction\":[{\"@type\":\"ReadAction\",\"target\":[\"http:\/\/woodmaster.ee\/en\/masinapark\/\"]}]},{\"@type\":\"BreadcrumbList\",\"@id\":\"http:\/\/woodmaster.ee\/en\/masinapark\/#breadcrumb\",\"itemListElement\":[{\"@type\":\"ListItem\",\"position\":1,\"name\":\"Home\",\"item\":\"http:\/\/woodmaster.ee\/en\/\"},{\"@type\":\"ListItem\",\"position\":2,\"name\":\"Machinery\"}]},{\"@type\":\"WebSite\",\"@id\":\"http:\/\/woodmaster.ee\/#website\",\"url\":\"http:\/\/woodmaster.ee\/\",\"name\":\"Woodmaster O\u00dc\",\"description\":\"Metsa- ja maaparandust\u00f6\u00f6d\",\"publisher\":{\"@id\":\"http:\/\/woodmaster.ee\/#organization\"},\"potentialAction\":[{\"@type\":\"SearchAction\",\"target\":{\"@type\":\"EntryPoint\",\"urlTemplate\":\"http:\/\/woodmaster.ee\/?s={search_term_string}\"},\"query-input\":\"required name=search_term_string\"}],\"inLanguage\":\"en-US\"},{\"@type\":\"Organization\",\"@id\":\"http:\/\/woodmaster.ee\/#organization\",\"name\":\"Woodmaster O\u00dc\",\"url\":\"http:\/\/woodmaster.ee\/\",\"logo\":{\"@type\":\"ImageObject\",\"inLanguage\":\"en-US\",\"@id\":\"http:\/\/woodmaster.ee\/#\/schema\/logo\/image\/\",\"url\":\"http:\/\/woodmaster.ee\/wp-content\/uploads\/2018\/05\/logo-web-original-1.png\",\"contentUrl\":\"http:\/\/woodmaster.ee\/wp-content\/uploads\/2018\/05\/logo-web-original-1.png\",\"width\":800,\"height\":316,\"caption\":\"Woodmaster O\u00dc\"},\"image\":{\"@id\":\"http:\/\/woodmaster.ee\/#\/schema\/logo\/image\/\"}}]}<\/script>\n<!-- \/ Yoast SEO plugin. -->","yoast_head_json":{"title":"Machinery - Woodmaster O\u00dc","robots":{"index":"index","follow":"follow","max-snippet":"max-snippet:-1","max-image-preview":"max-image-preview:large","max-video-preview":"max-video-preview:-1"},"canonical":"http:\/\/woodmaster.ee\/en\/masinapark\/","og_locale":"en_US","og_type":"article","og_title":"Machinery - Woodmaster O\u00dc","og_description":"[vc_row full_width=&#8221;stretch_row_content&#8221; bg_type=&#8221;image&#8221; parallax_style=&#8221;vcpb-vz-jquery&#8221; bg_image_new=&#8221;id^1227|url^http:\/\/woodmaster.ee\/wp-content\/uploads\/2018\/06\/alamleht-tiny-4.jpg|caption^null|alt^null|title^alamleht-tiny-4|description^null&#8221; bg_image_repeat=&#8221;no-repeat&#8221; css=&#8221;.vc_custom_1528106252686{margin-bottom: -2px !important;}&#8221;][vc_column][vc_empty_space height=&#8221;380px&#8221;][\/vc_column][\/vc_row][vc_row full_width=&#8221;stretch_row_content&#8221; css_animation=&#8221;none&#8221; bg_type=&#8221;bg_color&#8221; bg_color_value=&#8221;#dee0de&#8221;][vc_column][\/vc_column][\/vc_row][vc_row full_width=&#8221;stretch_row&#8221; bg_type=&#8221;bg_color&#8221; bg_color_value=&#8221;#fdfffc&#8221;][vc_column width=&#8221;1\/2&#8243;][vc_column_text css_animation=&#8221;slideInLeft&#8221; css=&#8221;.vc_custom_1529835896476{margin-top: -50px !important;margin-bottom: -1px !important;}&#8221;] LOGGING [\/vc_column_text][vc_column_text css_animation=&#8221;slideInLeft&#8221;] Harvester John Deere 1070D (2004 y.m.) [\/vc_column_text][vc_single_image image=&#8221;264&#8243; img_size=&#8221;full&#8221; alignment=&#8221;center&#8221; css_animation=&#8221;slideInLeft&#8221;][vc_empty_space height=&#8221;22px&#8221;][\/vc_column][vc_column width=&#8221;1\/2&#8243;][vc_column_text css_animation=&#8221;slideInRight&#8221; css=&#8221;.vc_custom_1529835915546{margin-top: -50px !important;margin-bottom: -1px !important;}&#8221;] TIMBER COLLECTING [\/vc_column_text][vc_column_text css_animation=&#8221;slideInRight&#8221;]Forwarder Komatsu 860.4 (2012 y.m.)[\/vc_column_text][vc_single_image image=&#8221;266&#8243; img_size=&#8221;full&#8221; alignment=&#8221;center&#8221; css_animation=&#8221;slideInRight&#8221;][vc_empty_space height=&#8221;22px&#8221;][\/vc_column][\/vc_row][vc_row full_width=&#8221;stretch_row&#8221; ... Read More","og_url":"http:\/\/woodmaster.ee\/en\/masinapark\/","og_site_name":"Woodmaster O\u00dc","article_modified_time":"2018-07-04T09:19:33+00:00","twitter_card":"summary_large_image","twitter_misc":{"Est. reading time":"2 minutes"},"schema":{"@context":"https:\/\/schema.org","@graph":[{"@type":"WebPage","@id":"http:\/\/woodmaster.ee\/en\/masinapark\/","url":"http:\/\/woodmaster.ee\/en\/masinapark\/","name":"Machinery - Woodmaster O\u00dc","isPartOf":{"@id":"http:\/\/woodmaster.ee\/#website"},"datePublished":"2018-05-15T16:18:48+00:00","dateModified":"2018-07-04T09:19:33+00:00","breadcrumb":{"@id":"http:\/\/woodmaster.ee\/en\/masinapark\/#breadcrumb"},"inLanguage":"en-US","potentialAction":[{"@type":"ReadAction","target":["http:\/\/woodmaster.ee\/en\/masinapark\/"]}]},{"@type":"BreadcrumbList","@id":"http:\/\/woodmaster.ee\/en\/masinapark\/#breadcrumb","itemListElement":[{"@type":"ListItem","position":1,"name":"Home","item":"http:\/\/woodmaster.ee\/en\/"},{"@type":"ListItem","position":2,"name":"Machinery"}]},{"@type":"WebSite","@id":"http:\/\/woodmaster.ee\/#website","url":"http:\/\/woodmaster.ee\/","name":"Woodmaster O\u00dc","description":"Metsa- ja maaparandust\u00f6\u00f6d","publisher":{"@id":"http:\/\/woodmaster.ee\/#organization"},"potentialAction":[{"@type":"SearchAction","target":{"@type":"EntryPoint","urlTemplate":"http:\/\/woodmaster.ee\/?s={search_term_string}"},"query-input":"required name=search_term_string"}],"inLanguage":"en-US"},{"@type":"Organization","@id":"http:\/\/woodmaster.ee\/#organization","name":"Woodmaster O\u00dc","url":"http:\/\/woodmaster.ee\/","logo":{"@type":"ImageObject","inLanguage":"en-US","@id":"http:\/\/woodmaster.ee\/#\/schema\/logo\/image\/","url":"http:\/\/woodmaster.ee\/wp-content\/uploads\/2018\/05\/logo-web-original-1.png","contentUrl":"http:\/\/woodmaster.ee\/wp-content\/uploads\/2018\/05\/logo-web-original-1.png","width":800,"height":316,"caption":"Woodmaster O\u00dc"},"image":{"@id":"http:\/\/woodmaster.ee\/#\/schema\/logo\/image\/"}}]}},"_links":{"self":[{"href":"https:\/\/woodmaster.ee\/en\/wp-json\/wp\/v2\/pages\/1544"}],"collection":[{"href":"https:\/\/woodmaster.ee\/en\/wp-json\/wp\/v2\/pages"}],"about":[{"href":"https:\/\/woodmaster.ee\/en\/wp-json\/wp\/v2\/types\/page"}],"author":[{"embeddable":true,"href":"https:\/\/woodmaster.ee\/en\/wp-json\/wp\/v2\/users\/1"}],"replies":[{"embeddable":true,"href":"https:\/\/woodmaster.ee\/en\/wp-json\/wp\/v2\/comments?post=1544"}],"version-history":[{"count":5,"href":"https:\/\/woodmaster.ee\/en\/wp-json\/wp\/v2\/pages\/1544\/revisions"}],"predecessor-version":[{"id":1820,"href":"https:\/\/woodmaster.ee\/en\/wp-json\/wp\/v2\/pages\/1544\/revisions\/1820"}],"wp:attachment":[{"href":"https:\/\/woodmaster.ee\/en\/wp-json\/wp\/v2\/media?parent=1544"}],"curies":[{"name":"wp","href":"https:\/\/api.w.org\/{rel}","templated":true}]}}