{"id":1539,"date":"2018-05-15T16:18:48","date_gmt":"2018-05-15T16:18:48","guid":{"rendered":"http:\/\/woodmaster.ee\/masinapark\/"},"modified":"2018-06-30T15:49:25","modified_gmt":"2018-06-30T15:49:25","slug":"masinapark","status":"publish","type":"page","link":"http:\/\/woodmaster.ee\/ru\/masinapark\/","title":{"rendered":"\u041f\u0430\u0440\u043a \u0442\u0435\u0445\u043d\u0438\u043a\u0438"},"content":{"rendered":"<div class=\"wpb-content-wrapper\">[vc_row full_width=&#8221;stretch_row_content&#8221; bg_type=&#8221;image&#8221; parallax_style=&#8221;vcpb-vz-jquery&#8221; bg_image_new=&#8221;id^1227|url^http:\/\/woodmaster.ee\/wp-content\/uploads\/2018\/06\/alamleht-tiny-4.jpg|caption^null|alt^null|title^alamleht-tiny-4|description^null&#8221; bg_image_repeat=&#8221;no-repeat&#8221; css=&#8221;.vc_custom_1528106252686{margin-bottom: -2px !important;}&#8221;][vc_column][vc_empty_space height=&#8221;380px&#8221;][\/vc_column][\/vc_row][vc_row full_width=&#8221;stretch_row_content&#8221; css_animation=&#8221;none&#8221; bg_type=&#8221;bg_color&#8221; bg_color_value=&#8221;#dee0de&#8221;][vc_column]<div id=\"ultimate-heading-982469d729a17ab7f\" class=\"uvc-heading ult-adjust-bottom-margin ultimate-heading-982469d729a17ab7f uvc-5988 \" data-hspacer=\"no_spacer\"  data-halign=\"center\" style=\"text-align:center\"><div class=\"uvc-heading-spacer no_spacer\" style=\"top\"><\/div><div class=\"uvc-main-heading ult-responsive\"  data-ultimate-target='.uvc-heading.ultimate-heading-982469d729a17ab7f h2'  data-responsive-json-new='{\"font-size\":\"desktop:32px;\",\"line-height\":\"\"}' ><h2 style=\"font-family:&#039;Roboto&#039;;font-weight:700;color:#122c34;margin-top:-20px;margin-bottom:10px;\">\u041f\u0410\u0420\u041a \u0422\u0415\u0425\u041d\u0418\u041a\u0418<\/h2><\/div><\/div>[\/vc_column][\/vc_row][vc_row full_width=&#8221;stretch_row&#8221; bg_type=&#8221;bg_color&#8221; bg_color_value=&#8221;#fdfffc&#8221;][vc_column width=&#8221;1\/2&#8243;][vc_column_text css_animation=&#8221;slideInLeft&#8221; css=&#8221;.vc_custom_1529835377725{margin-top: -50px !important;margin-bottom: -1px !important;}&#8221;]\n<h5 style=\"text-align: right;\">\u0412\u0410\u041b\u041a\u0410 \u041b\u0415\u0421\u0410<\/h5>\n[\/vc_column_text][vc_column_text css_animation=&#8221;slideInLeft&#8221;]\n<p style=\"text-align: right;\">Xap\u0432ec\u0442e\u0440 John Deere 1070D (2004\u00a0\u0433.\u0432.)<\/p>\n[\/vc_column_text][vc_single_image image=&#8221;264&#8243; img_size=&#8221;full&#8221; alignment=&#8221;center&#8221; css_animation=&#8221;slideInLeft&#8221;][vc_empty_space height=&#8221;22px&#8221;][\/vc_column][vc_column width=&#8221;1\/2&#8243;][vc_column_text css_animation=&#8221;slideInRight&#8221; css=&#8221;.vc_custom_1529835441370{margin-top: -50px !important;margin-bottom: -1px !important;}&#8221;]\n<h5>\u0412\u042b\u0412\u041e\u0417 \u041b\u0415\u0421\u0410<\/h5>\n[\/vc_column_text][vc_column_text css_animation=&#8221;slideInRight&#8221;]\u0424\u043e\u0440\u0432\u0430\u0440\u0434\u0435\u0440 Komatsu 860.4 (2012 \u0433.\u0432.)[\/vc_column_text][vc_single_image image=&#8221;266&#8243; img_size=&#8221;full&#8221; alignment=&#8221;center&#8221; css_animation=&#8221;slideInRight&#8221;][vc_empty_space height=&#8221;22px&#8221;][\/vc_column][\/vc_row][vc_row full_width=&#8221;stretch_row&#8221; bg_type=&#8221;bg_color&#8221; bg_color_value=&#8221;#dee0de&#8221;][vc_column width=&#8221;1\/2&#8243;][vc_column_text css_animation=&#8221;slideInLeft&#8221; css=&#8221;.vc_custom_1530373721152{margin-top: -36px !important;margin-bottom: -1px !important;}&#8221;]\n<h5 style=\"text-align: right;\">\u0412\u042b\u0420\u0415\u0417\u041a\u0410 \u0418 \u0412\u042b\u0420\u0423\u0411\u041a\u0410 \u041f\u041e\u0414\u041b\u0415\u0421\u041a\u0410<\/h5>\n[\/vc_column_text][vc_column_text css_animation=&#8221;slideInLeft&#8221;]\n<p style=\"text-align: right;\">\u042d\u043a\u0441\u043a\u0430\u0432\u0430\u0442\u043e\u0440 Hyundai Robex 16t \u0441 \u0433\u0438\u043b\u044c\u043e\u0442\u0438\u043d\u043e\u0439 (2012 \u0433.\u0432.)<\/p>\n[\/vc_column_text][vc_single_image image=&#8221;282&#8243; img_size=&#8221;full&#8221; alignment=&#8221;center&#8221; css_animation=&#8221;slideInLeft&#8221;][vc_empty_space height=&#8221;22px&#8221;][\/vc_column][vc_column width=&#8221;1\/2&#8243;][vc_column_text css_animation=&#8221;slideInRight&#8221; css=&#8221;.vc_custom_1530373762334{margin-top: -36px !important;margin-bottom: -1px !important;}&#8221;]\n<h5>\u0420\u0410\u0411\u041e\u0422\u042b \u041f\u041e \u0420\u042b\u0422\u042c\u042e \u0418 \u0411\u0423\u0420\u0415\u041d\u0418\u0415 \u041f\u041d\u0415\u0419<\/h5>\n[\/vc_column_text][vc_column_text css_animation=&#8221;slideInRight&#8221;]\u042d\u043a\u0441\u043a\u0430\u0432\u0430\u0442\u043e\u0440 Hyundai\u00a0 HX220L 22t (2017 \u0433.\u0432.)[\/vc_column_text][vc_single_image image=&#8221;284&#8243; img_size=&#8221;full&#8221; alignment=&#8221;center&#8221; css_animation=&#8221;slideInRight&#8221;][vc_empty_space height=&#8221;22px&#8221;][\/vc_column][\/vc_row]\n<\/div>","protected":false},"excerpt":{"rendered":"<p>[vc_row full_width=&#8221;stretch_row_content&#8221; bg_type=&#8221;image&#8221; parallax_style=&#8221;vcpb-vz-jquery&#8221; bg_image_new=&#8221;id^1227|url^http:\/\/woodmaster.ee\/wp-content\/uploads\/2018\/06\/alamleht-tiny-4.jpg|caption^null|alt^null|title^alamleht-tiny-4|description^null&#8221; bg_image_repeat=&#8221;no-repeat&#8221; css=&#8221;.vc_custom_1528106252686{margin-bottom: -2px !important;}&#8221;][vc_column][vc_empty_space height=&#8221;380px&#8221;][\/vc_column][\/vc_row][vc_row full_width=&#8221;stretch_row_content&#8221; css_animation=&#8221;none&#8221; bg_type=&#8221;bg_color&#8221; bg_color_value=&#8221;#dee0de&#8221;][vc_column][\/vc_column][\/vc_row][vc_row full_width=&#8221;stretch_row&#8221; bg_type=&#8221;bg_color&#8221; bg_color_value=&#8221;#fdfffc&#8221;][vc_column width=&#8221;1\/2&#8243;][vc_column_text css_animation=&#8221;slideInLeft&#8221; css=&#8221;.vc_custom_1529835377725{margin-top: -50px !important;margin-bottom: -1px !important;}&#8221;] \u0412\u0410\u041b\u041a\u0410 \u041b\u0415\u0421\u0410 [\/vc_column_text][vc_column_text css_animation=&#8221;slideInLeft&#8221;] Xap\u0432ec\u0442e\u0440 John Deere 1070D (2004\u00a0\u0433.\u0432.) [\/vc_column_text][vc_single_image image=&#8221;264&#8243; img_size=&#8221;full&#8221; alignment=&#8221;center&#8221; css_animation=&#8221;slideInLeft&#8221;][vc_empty_space height=&#8221;22px&#8221;][\/vc_column][vc_column width=&#8221;1\/2&#8243;][vc_column_text css_animation=&#8221;slideInRight&#8221; css=&#8221;.vc_custom_1529835441370{margin-top: -50px !important;margin-bottom: -1px !important;}&#8221;] \u0412\u042b\u0412\u041e\u0417 \u041b\u0415\u0421\u0410 [\/vc_column_text][vc_column_text css_animation=&#8221;slideInRight&#8221;]\u0424\u043e\u0440\u0432\u0430\u0440\u0434\u0435\u0440 Komatsu 860.4 (2012 \u0433.\u0432.)[\/vc_column_text][vc_single_image image=&#8221;266&#8243; img_size=&#8221;full&#8221; alignment=&#8221;center&#8221; css_animation=&#8221;slideInRight&#8221;][vc_empty_space height=&#8221;22px&#8221;][\/vc_column][\/vc_row][vc_row full_width=&#8221;stretch_row&#8221; &#8230; <\/p>\n<div><a href=\"http:\/\/woodmaster.ee\/ru\/masinapark\/\" class=\"more-link\">Read More<\/a><\/div>\n","protected":false},"author":1,"featured_media":0,"parent":0,"menu_order":0,"comment_status":"closed","ping_status":"closed","template":"template-blank-1.php","meta":{"footnotes":""},"yoast_head":"<!-- This site is optimized with the Yoast SEO plugin v22.0 - https:\/\/yoast.com\/wordpress\/plugins\/seo\/ -->\n<title>\u041f\u0430\u0440\u043a \u0442\u0435\u0445\u043d\u0438\u043a\u0438 - Woodmaster O\u00dc<\/title>\n<meta name=\"robots\" content=\"index, follow, max-snippet:-1, max-image-preview:large, max-video-preview:-1\" \/>\n<link rel=\"canonical\" href=\"https:\/\/woodmaster.ee\/ru\/masinapark\/\" \/>\n<meta property=\"og:locale\" content=\"ru_RU\" \/>\n<meta property=\"og:type\" content=\"article\" \/>\n<meta property=\"og:title\" content=\"\u041f\u0430\u0440\u043a \u0442\u0435\u0445\u043d\u0438\u043a\u0438 - Woodmaster O\u00dc\" \/>\n<meta property=\"og:description\" content=\"[vc_row full_width=&#8221;stretch_row_content&#8221; bg_type=&#8221;image&#8221; parallax_style=&#8221;vcpb-vz-jquery&#8221; bg_image_new=&#8221;id^1227|url^http:\/\/woodmaster.ee\/wp-content\/uploads\/2018\/06\/alamleht-tiny-4.jpg|caption^null|alt^null|title^alamleht-tiny-4|description^null&#8221; bg_image_repeat=&#8221;no-repeat&#8221; css=&#8221;.vc_custom_1528106252686{margin-bottom: -2px !important;}&#8221;][vc_column][vc_empty_space height=&#8221;380px&#8221;][\/vc_column][\/vc_row][vc_row full_width=&#8221;stretch_row_content&#8221; css_animation=&#8221;none&#8221; bg_type=&#8221;bg_color&#8221; bg_color_value=&#8221;#dee0de&#8221;][vc_column][\/vc_column][\/vc_row][vc_row full_width=&#8221;stretch_row&#8221; bg_type=&#8221;bg_color&#8221; bg_color_value=&#8221;#fdfffc&#8221;][vc_column width=&#8221;1\/2&#8243;][vc_column_text css_animation=&#8221;slideInLeft&#8221; css=&#8221;.vc_custom_1529835377725{margin-top: -50px !important;margin-bottom: -1px !important;}&#8221;] \u0412\u0410\u041b\u041a\u0410 \u041b\u0415\u0421\u0410 [\/vc_column_text][vc_column_text css_animation=&#8221;slideInLeft&#8221;] Xap\u0432ec\u0442e\u0440 John Deere 1070D (2004\u00a0\u0433.\u0432.) [\/vc_column_text][vc_single_image image=&#8221;264&#8243; img_size=&#8221;full&#8221; alignment=&#8221;center&#8221; css_animation=&#8221;slideInLeft&#8221;][vc_empty_space height=&#8221;22px&#8221;][\/vc_column][vc_column width=&#8221;1\/2&#8243;][vc_column_text css_animation=&#8221;slideInRight&#8221; css=&#8221;.vc_custom_1529835441370{margin-top: -50px !important;margin-bottom: -1px !important;}&#8221;] \u0412\u042b\u0412\u041e\u0417 \u041b\u0415\u0421\u0410 [\/vc_column_text][vc_column_text css_animation=&#8221;slideInRight&#8221;]\u0424\u043e\u0440\u0432\u0430\u0440\u0434\u0435\u0440 Komatsu 860.4 (2012 \u0433.\u0432.)[\/vc_column_text][vc_single_image image=&#8221;266&#8243; img_size=&#8221;full&#8221; alignment=&#8221;center&#8221; css_animation=&#8221;slideInRight&#8221;][vc_empty_space height=&#8221;22px&#8221;][\/vc_column][\/vc_row][vc_row full_width=&#8221;stretch_row&#8221; ... Read More\" \/>\n<meta property=\"og:url\" content=\"https:\/\/woodmaster.ee\/ru\/masinapark\/\" \/>\n<meta property=\"og:site_name\" content=\"Woodmaster O\u00dc\" \/>\n<meta property=\"article:modified_time\" content=\"2018-06-30T15:49:25+00:00\" \/>\n<meta name=\"twitter:card\" content=\"summary_large_image\" \/>\n<meta name=\"twitter:label1\" content=\"Est. reading time\" \/>\n\t<meta name=\"twitter:data1\" content=\"2 minutes\" \/>\n<script type=\"application\/ld+json\" class=\"yoast-schema-graph\">{\"@context\":\"https:\/\/schema.org\",\"@graph\":[{\"@type\":\"WebPage\",\"@id\":\"https:\/\/woodmaster.ee\/ru\/masinapark\/\",\"url\":\"https:\/\/woodmaster.ee\/ru\/masinapark\/\",\"name\":\"\u041f\u0430\u0440\u043a \u0442\u0435\u0445\u043d\u0438\u043a\u0438 - Woodmaster O\u00dc\",\"isPartOf\":{\"@id\":\"http:\/\/woodmaster.ee\/#website\"},\"datePublished\":\"2018-05-15T16:18:48+00:00\",\"dateModified\":\"2018-06-30T15:49:25+00:00\",\"breadcrumb\":{\"@id\":\"https:\/\/woodmaster.ee\/ru\/masinapark\/#breadcrumb\"},\"inLanguage\":\"ru-RU\",\"potentialAction\":[{\"@type\":\"ReadAction\",\"target\":[\"https:\/\/woodmaster.ee\/ru\/masinapark\/\"]}]},{\"@type\":\"BreadcrumbList\",\"@id\":\"https:\/\/woodmaster.ee\/ru\/masinapark\/#breadcrumb\",\"itemListElement\":[{\"@type\":\"ListItem\",\"position\":1,\"name\":\"Home\",\"item\":\"http:\/\/woodmaster.ee\/ru\/\"},{\"@type\":\"ListItem\",\"position\":2,\"name\":\"\u041f\u0430\u0440\u043a \u0442\u0435\u0445\u043d\u0438\u043a\u0438\"}]},{\"@type\":\"WebSite\",\"@id\":\"http:\/\/woodmaster.ee\/#website\",\"url\":\"http:\/\/woodmaster.ee\/\",\"name\":\"Woodmaster O\u00dc\",\"description\":\"Metsa- ja maaparandust\u00f6\u00f6d\",\"publisher\":{\"@id\":\"http:\/\/woodmaster.ee\/#organization\"},\"potentialAction\":[{\"@type\":\"SearchAction\",\"target\":{\"@type\":\"EntryPoint\",\"urlTemplate\":\"http:\/\/woodmaster.ee\/?s={search_term_string}\"},\"query-input\":\"required name=search_term_string\"}],\"inLanguage\":\"ru-RU\"},{\"@type\":\"Organization\",\"@id\":\"http:\/\/woodmaster.ee\/#organization\",\"name\":\"Woodmaster O\u00dc\",\"url\":\"http:\/\/woodmaster.ee\/\",\"logo\":{\"@type\":\"ImageObject\",\"inLanguage\":\"ru-RU\",\"@id\":\"http:\/\/woodmaster.ee\/#\/schema\/logo\/image\/\",\"url\":\"http:\/\/woodmaster.ee\/wp-content\/uploads\/2018\/05\/logo-web-original-1.png\",\"contentUrl\":\"http:\/\/woodmaster.ee\/wp-content\/uploads\/2018\/05\/logo-web-original-1.png\",\"width\":800,\"height\":316,\"caption\":\"Woodmaster O\u00dc\"},\"image\":{\"@id\":\"http:\/\/woodmaster.ee\/#\/schema\/logo\/image\/\"}}]}<\/script>\n<!-- \/ Yoast SEO plugin. -->","yoast_head_json":{"title":"\u041f\u0430\u0440\u043a \u0442\u0435\u0445\u043d\u0438\u043a\u0438 - Woodmaster O\u00dc","robots":{"index":"index","follow":"follow","max-snippet":"max-snippet:-1","max-image-preview":"max-image-preview:large","max-video-preview":"max-video-preview:-1"},"canonical":"https:\/\/woodmaster.ee\/ru\/masinapark\/","og_locale":"ru_RU","og_type":"article","og_title":"\u041f\u0430\u0440\u043a \u0442\u0435\u0445\u043d\u0438\u043a\u0438 - Woodmaster O\u00dc","og_description":"[vc_row full_width=&#8221;stretch_row_content&#8221; bg_type=&#8221;image&#8221; parallax_style=&#8221;vcpb-vz-jquery&#8221; bg_image_new=&#8221;id^1227|url^http:\/\/woodmaster.ee\/wp-content\/uploads\/2018\/06\/alamleht-tiny-4.jpg|caption^null|alt^null|title^alamleht-tiny-4|description^null&#8221; bg_image_repeat=&#8221;no-repeat&#8221; css=&#8221;.vc_custom_1528106252686{margin-bottom: -2px !important;}&#8221;][vc_column][vc_empty_space height=&#8221;380px&#8221;][\/vc_column][\/vc_row][vc_row full_width=&#8221;stretch_row_content&#8221; css_animation=&#8221;none&#8221; bg_type=&#8221;bg_color&#8221; bg_color_value=&#8221;#dee0de&#8221;][vc_column][\/vc_column][\/vc_row][vc_row full_width=&#8221;stretch_row&#8221; bg_type=&#8221;bg_color&#8221; bg_color_value=&#8221;#fdfffc&#8221;][vc_column width=&#8221;1\/2&#8243;][vc_column_text css_animation=&#8221;slideInLeft&#8221; css=&#8221;.vc_custom_1529835377725{margin-top: -50px !important;margin-bottom: -1px !important;}&#8221;] \u0412\u0410\u041b\u041a\u0410 \u041b\u0415\u0421\u0410 [\/vc_column_text][vc_column_text css_animation=&#8221;slideInLeft&#8221;] Xap\u0432ec\u0442e\u0440 John Deere 1070D (2004\u00a0\u0433.\u0432.) [\/vc_column_text][vc_single_image image=&#8221;264&#8243; img_size=&#8221;full&#8221; alignment=&#8221;center&#8221; css_animation=&#8221;slideInLeft&#8221;][vc_empty_space height=&#8221;22px&#8221;][\/vc_column][vc_column width=&#8221;1\/2&#8243;][vc_column_text css_animation=&#8221;slideInRight&#8221; css=&#8221;.vc_custom_1529835441370{margin-top: -50px !important;margin-bottom: -1px !important;}&#8221;] \u0412\u042b\u0412\u041e\u0417 \u041b\u0415\u0421\u0410 [\/vc_column_text][vc_column_text css_animation=&#8221;slideInRight&#8221;]\u0424\u043e\u0440\u0432\u0430\u0440\u0434\u0435\u0440 Komatsu 860.4 (2012 \u0433.\u0432.)[\/vc_column_text][vc_single_image image=&#8221;266&#8243; img_size=&#8221;full&#8221; alignment=&#8221;center&#8221; css_animation=&#8221;slideInRight&#8221;][vc_empty_space height=&#8221;22px&#8221;][\/vc_column][\/vc_row][vc_row full_width=&#8221;stretch_row&#8221; ... Read More","og_url":"https:\/\/woodmaster.ee\/ru\/masinapark\/","og_site_name":"Woodmaster O\u00dc","article_modified_time":"2018-06-30T15:49:25+00:00","twitter_card":"summary_large_image","twitter_misc":{"Est. reading time":"2 minutes"},"schema":{"@context":"https:\/\/schema.org","@graph":[{"@type":"WebPage","@id":"https:\/\/woodmaster.ee\/ru\/masinapark\/","url":"https:\/\/woodmaster.ee\/ru\/masinapark\/","name":"\u041f\u0430\u0440\u043a \u0442\u0435\u0445\u043d\u0438\u043a\u0438 - Woodmaster O\u00dc","isPartOf":{"@id":"http:\/\/woodmaster.ee\/#website"},"datePublished":"2018-05-15T16:18:48+00:00","dateModified":"2018-06-30T15:49:25+00:00","breadcrumb":{"@id":"https:\/\/woodmaster.ee\/ru\/masinapark\/#breadcrumb"},"inLanguage":"ru-RU","potentialAction":[{"@type":"ReadAction","target":["https:\/\/woodmaster.ee\/ru\/masinapark\/"]}]},{"@type":"BreadcrumbList","@id":"https:\/\/woodmaster.ee\/ru\/masinapark\/#breadcrumb","itemListElement":[{"@type":"ListItem","position":1,"name":"Home","item":"http:\/\/woodmaster.ee\/ru\/"},{"@type":"ListItem","position":2,"name":"\u041f\u0430\u0440\u043a \u0442\u0435\u0445\u043d\u0438\u043a\u0438"}]},{"@type":"WebSite","@id":"http:\/\/woodmaster.ee\/#website","url":"http:\/\/woodmaster.ee\/","name":"Woodmaster O\u00dc","description":"Metsa- ja maaparandust\u00f6\u00f6d","publisher":{"@id":"http:\/\/woodmaster.ee\/#organization"},"potentialAction":[{"@type":"SearchAction","target":{"@type":"EntryPoint","urlTemplate":"http:\/\/woodmaster.ee\/?s={search_term_string}"},"query-input":"required name=search_term_string"}],"inLanguage":"ru-RU"},{"@type":"Organization","@id":"http:\/\/woodmaster.ee\/#organization","name":"Woodmaster O\u00dc","url":"http:\/\/woodmaster.ee\/","logo":{"@type":"ImageObject","inLanguage":"ru-RU","@id":"http:\/\/woodmaster.ee\/#\/schema\/logo\/image\/","url":"http:\/\/woodmaster.ee\/wp-content\/uploads\/2018\/05\/logo-web-original-1.png","contentUrl":"http:\/\/woodmaster.ee\/wp-content\/uploads\/2018\/05\/logo-web-original-1.png","width":800,"height":316,"caption":"Woodmaster O\u00dc"},"image":{"@id":"http:\/\/woodmaster.ee\/#\/schema\/logo\/image\/"}}]}},"_links":{"self":[{"href":"http:\/\/woodmaster.ee\/ru\/wp-json\/wp\/v2\/pages\/1539"}],"collection":[{"href":"http:\/\/woodmaster.ee\/ru\/wp-json\/wp\/v2\/pages"}],"about":[{"href":"http:\/\/woodmaster.ee\/ru\/wp-json\/wp\/v2\/types\/page"}],"author":[{"embeddable":true,"href":"http:\/\/woodmaster.ee\/ru\/wp-json\/wp\/v2\/users\/1"}],"replies":[{"embeddable":true,"href":"http:\/\/woodmaster.ee\/ru\/wp-json\/wp\/v2\/comments?post=1539"}],"version-history":[{"count":4,"href":"http:\/\/woodmaster.ee\/ru\/wp-json\/wp\/v2\/pages\/1539\/revisions"}],"predecessor-version":[{"id":1649,"href":"http:\/\/woodmaster.ee\/ru\/wp-json\/wp\/v2\/pages\/1539\/revisions\/1649"}],"wp:attachment":[{"href":"http:\/\/woodmaster.ee\/ru\/wp-json\/wp\/v2\/media?parent=1539"}],"curies":[{"name":"wp","href":"https:\/\/api.w.org\/{rel}","templated":true}]}}