{"id":1536,"date":"2018-05-15T16:18:58","date_gmt":"2018-05-15T16:18:58","guid":{"rendered":"http:\/\/woodmaster.ee\/kontakt\/"},"modified":"2024-02-19T11:54:00","modified_gmt":"2024-02-19T11:54:00","slug":"kontakt","status":"publish","type":"page","link":"http:\/\/woodmaster.ee\/ru\/kontakt\/","title":{"rendered":"\u041a\u043e\u043d\u0442\u0430\u043a\u0442"},"content":{"rendered":"<div class=\"wpb-content-wrapper\">[vc_row full_width=&#8221;stretch_row_content&#8221; bg_type=&#8221;image&#8221; parallax_style=&#8221;vcpb-vz-jquery&#8221; bg_image_new=&#8221;id^1229|url^http:\/\/woodmaster.ee\/wp-content\/uploads\/2018\/06\/alamleht-tiny-4.jpg|caption^null|alt^null|title^alamleht-tiny-4|description^null&#8221; bg_image_repeat=&#8221;no-repeat&#8221; css=&#8221;.vc_custom_1707468391414{margin-bottom: -2px !important;}&#8221;][vc_column][vc_empty_space height=&#8221;380px&#8221;][\/vc_column][\/vc_row][vc_row full_width=&#8221;stretch_row_content&#8221; css_animation=&#8221;none&#8221; bg_type=&#8221;bg_color&#8221; bg_color_value=&#8221;#dee0de&#8221;][vc_column]<div id=\"ultimate-heading-958269df1980ad2af\" class=\"uvc-heading ult-adjust-bottom-margin ultimate-heading-958269df1980ad2af uvc-3590 \" data-hspacer=\"no_spacer\"  data-halign=\"center\" style=\"text-align:center\"><div class=\"uvc-heading-spacer no_spacer\" style=\"top\"><\/div><div class=\"uvc-main-heading ult-responsive\"  data-ultimate-target='.uvc-heading.ultimate-heading-958269df1980ad2af h2'  data-responsive-json-new='{\"font-size\":\"desktop:32px;\",\"line-height\":\"\"}' ><h2 style=\"font-family:&#039;Roboto&#039;;font-weight:700;color:#132637;margin-top:-20px;margin-bottom:10px;\">\u041a\u041e\u041d\u0422\u0410\u041a\u0422<\/h2><\/div><\/div>[\/vc_column][\/vc_row][vc_row full_width=&#8221;stretch_row&#8221; bg_type=&#8221;bg_color&#8221; bg_color_value=&#8221;#fdfffc&#8221;][vc_column][vc_row_inner][vc_column_inner width=&#8221;1\/6&#8243;][\/vc_column_inner][vc_column_inner width=&#8221;2\/6&#8243;]<div class=\"ult-animation  ult-animate-viewport  ult-no-mobile \" data-animate=\"slideInLeft\" data-animation-delay=\"0\" data-animation-duration=\"2\" data-animation-iteration=\"1\" style=\"opacity:0;\" data-opacity_start_effect=\"\">[vc_single_image image=&#8221;979&#8243; img_size=&#8221;full&#8221;]<div id=\"ultimate-heading-204369df1980ad408\" class=\"uvc-heading ult-adjust-bottom-margin ultimate-heading-204369df1980ad408 uvc-3734 \" data-hspacer=\"no_spacer\"  data-halign=\"center\" style=\"text-align:center\"><div class=\"uvc-heading-spacer no_spacer\" style=\"top\"><\/div><div class=\"uvc-main-heading ult-responsive\"  data-ultimate-target='.uvc-heading.ultimate-heading-204369df1980ad408 h5'  data-responsive-json-new='{\"font-size\":\"desktop:22px;\",\"line-height\":\"\"}' ><h5 style=\"font-family:&#039;Roboto&#039;;font-weight:700;\">\u041a\u0423\u041b\u042c\u0414\u0410\u0420 \u0422\u0410\u041c\u041c<\/h5><\/div><div class=\"uvc-sub-heading ult-responsive\"  data-ultimate-target='.uvc-heading.ultimate-heading-204369df1980ad408 .uvc-sub-heading '  data-responsive-json-new='{\"font-size\":\"desktop:20px;\",\"line-height\":\"desktop:50px;\"}'  style=\"font-family:&#039;Roboto&#039;;font-weight:300;\">\u0420\u0443\u043a\u043e\u0432\u043e\u0434\u0438\u0442\u0435\u043b\u044c \u043f\u0440\u0435\u0434\u043f\u0440\u0438\u044f\u0442\u0438\u044f<\/div><\/div><div id=\"ultimate-heading-315469df1980ad46b\" class=\"uvc-heading ult-adjust-bottom-margin ultimate-heading-315469df1980ad46b uvc-1845 \" data-hspacer=\"no_spacer\"  data-halign=\"center\" style=\"text-align:center\"><div class=\"uvc-heading-spacer no_spacer\" style=\"top\"><\/div><div class=\"uvc-sub-heading ult-responsive\"  data-ultimate-target='.uvc-heading.ultimate-heading-315469df1980ad46b .uvc-sub-heading '  data-responsive-json-new='{\"font-size\":\"\",\"line-height\":\"\"}'  style=\"font-weight:normal;\"><a href=\"tel:372-5093152\">\u0422\u0435\u043b\u0435\u0444\u043e\u043d: +372 509 3152<\/a><\/div><\/div>[vc_empty_space height=&#8221;15px&#8221;]<\/div>[\/vc_column_inner][vc_column_inner width=&#8221;2\/6&#8243;]<div class=\"ult-animation  ult-animate-viewport  ult-no-mobile \" data-animate=\"slideInRight\" data-animation-delay=\"0\" data-animation-duration=\"2\" data-animation-iteration=\"1\" style=\"opacity:0;\" data-opacity_start_effect=\"\">[vc_single_image image=&#8221;967&#8243; img_size=&#8221;full&#8221; alignment=&#8221;right&#8221;]<div id=\"ultimate-heading-350469df1980ad564\" class=\"uvc-heading ult-adjust-bottom-margin ultimate-heading-350469df1980ad564 uvc-3190 \" data-hspacer=\"no_spacer\"  data-halign=\"center\" style=\"text-align:center\"><div class=\"uvc-heading-spacer no_spacer\" style=\"top\"><\/div><div class=\"uvc-main-heading ult-responsive\"  data-ultimate-target='.uvc-heading.ultimate-heading-350469df1980ad564 h5'  data-responsive-json-new='{\"font-size\":\"desktop:22px;\",\"line-height\":\"\"}' ><h5 style=\"font-family:&#039;Roboto&#039;;font-weight:700;\">\u0410\u0419\u0412\u0410\u0420 \u0410\u0419\u041d\u041b\u041e<\/h5><\/div><div class=\"uvc-sub-heading ult-responsive\"  data-ultimate-target='.uvc-heading.ultimate-heading-350469df1980ad564 .uvc-sub-heading '  data-responsive-json-new='{\"font-size\":\"desktop:20px;\",\"line-height\":\"desktop:50px;\"}'  style=\"font-family:&#039;Roboto&#039;;font-weight:300;\">\u0420\u0443\u043a\u043e\u0432\u043e\u0434\u0438\u0442\u0435\u043b\u044c \u043b\u0435\u0441\u043e\u0440\u0430\u0437\u0440\u0430\u0431\u043e\u0442\u043e\u043a<\/div><\/div><div id=\"ultimate-heading-750969df1980ad5be\" class=\"uvc-heading ult-adjust-bottom-margin ultimate-heading-750969df1980ad5be uvc-8440 \" data-hspacer=\"no_spacer\"  data-halign=\"center\" style=\"text-align:center\"><div class=\"uvc-heading-spacer no_spacer\" style=\"top\"><\/div><div class=\"uvc-sub-heading ult-responsive\"  data-ultimate-target='.uvc-heading.ultimate-heading-750969df1980ad5be .uvc-sub-heading '  data-responsive-json-new='{\"font-size\":\"\",\"line-height\":\"\"}'  style=\"font-weight:normal;\"><a href=\"tel:372-5030631\">\u0422\u0435\u043b\u0435\u0444\u043e\u043d: +372 503 0631<\/a><\/div><\/div>[vc_empty_space height=&#8221;15px&#8221;]<\/div>[\/vc_column_inner][vc_column_inner width=&#8221;1\/6&#8243;][\/vc_column_inner][\/vc_row_inner][vc_empty_space][\/vc_column][\/vc_row][vc_row full_width=&#8221;stretch_row&#8221; bg_type=&#8221;bg_color&#8221; bg_color_value=&#8221;#dee0de&#8221; css=&#8221;.vc_custom_1527756404519{margin-bottom: -30px !important;}&#8221;][vc_column][vc_empty_space height=&#8221;15px&#8221;][vc_row_inner content_placement=&#8221;middle&#8221;][vc_column_inner width=&#8221;1\/12&#8243;][\/vc_column_inner][vc_column_inner width=&#8221;5\/12&#8243;]<div id=\"ultimate-heading-207969df1980ad619\" class=\"uvc-heading ult-adjust-bottom-margin ultimate-heading-207969df1980ad619 uvc-5131 \" data-hspacer=\"no_spacer\"  data-halign=\"left\" style=\"text-align:left\"><div class=\"uvc-heading-spacer no_spacer\" style=\"top\"><\/div><div class=\"uvc-main-heading ult-responsive\"  data-ultimate-target='.uvc-heading.ultimate-heading-207969df1980ad619 h2'  data-responsive-json-new='{\"font-size\":\"desktop:22px;\",\"line-height\":\"desktop:80px;\"}' ><h2 style=\"font-family:&#039;Roboto&#039;;font-weight:700;margin-top:-52px;\">WOODMASTER O\u00dc<\/h2><\/div><div class=\"uvc-sub-heading ult-responsive\"  data-ultimate-target='.uvc-heading.ultimate-heading-207969df1980ad619 .uvc-sub-heading '  data-responsive-json-new='{\"font-size\":\"desktop:18px;\",\"line-height\":\"desktop:36px;\"}'  style=\"font-weight:normal;\">\u0420\u0435\u0433. \u2116: 11366402<br \/>\n\u041d\u043e\u043c\u0435\u0440 \u0432 \u0440\u0435\u0433\u0438\u0441\u0442\u0440\u0435 \u043d\u0430\u043b\u043e\u0433\u043e\u043e\u0431\u044f\u0437\u0430\u043d\u043d\u044b\u0445 \u043b\u0438\u0446: EE101131399<br \/>\n\u0410\u0434\u0440\u0435\u0441: J\u00e4rve 2-93 Tallinn, 11314<br \/>\nAS SEB Pank, IBAN: EE591010220068321012<br \/>\n\u042d-\u043f\u043e\u0447\u0442\u0430: info@woodmaster.ee<\/div><\/div>[\/vc_column_inner][vc_column_inner width=&#8221;5\/12&#8243;]\n<div class=\"wpcf7 no-js\" id=\"wpcf7-f1734-o1\" lang=\"et\" dir=\"ltr\">\n<div class=\"screen-reader-response\"><p role=\"status\" aria-live=\"polite\" aria-atomic=\"true\"><\/p> <ul><\/ul><\/div>\n<form action=\"\/ru\/wp-json\/wp\/v2\/pages\/1536#wpcf7-f1734-o1\" method=\"post\" class=\"wpcf7-form init\" aria-label=\"Contact form\" novalidate=\"novalidate\" data-status=\"init\">\n<div style=\"display: none;\">\n<input type=\"hidden\" name=\"_wpcf7\" value=\"1734\" \/>\n<input type=\"hidden\" name=\"_wpcf7_version\" value=\"5.8.7\" \/>\n<input type=\"hidden\" name=\"_wpcf7_locale\" value=\"et\" \/>\n<input type=\"hidden\" name=\"_wpcf7_unit_tag\" value=\"wpcf7-f1734-o1\" \/>\n<input type=\"hidden\" name=\"_wpcf7_container_post\" value=\"0\" \/>\n<input type=\"hidden\" name=\"_wpcf7_posted_data_hash\" value=\"\" \/>\n<input type=\"hidden\" name=\"_wpcf7_recaptcha_response\" value=\"\" \/>\n<\/div>\n<p><span class=\"wpcf7-form-control-wrap\" data-name=\"your-name\"><input size=\"40\" class=\"wpcf7-form-control wpcf7-text wpcf7-validates-as-required\" aria-required=\"true\" aria-invalid=\"false\" placeholder=\"\u0418\u043c\u044f\" value=\"\" type=\"text\" name=\"your-name\" \/><\/span>\n<\/p>\n<p><span class=\"wpcf7-form-control-wrap\" data-name=\"your-email\"><input size=\"40\" class=\"wpcf7-form-control wpcf7-email wpcf7-validates-as-required wpcf7-text wpcf7-validates-as-email\" aria-required=\"true\" aria-invalid=\"false\" placeholder=\"\u042d-\u043f\u043e\u0447\u0442\u0430\" value=\"\" type=\"email\" name=\"your-email\" \/><\/span>\n<\/p>\n<p><span class=\"wpcf7-form-control-wrap\" data-name=\"your-subject\"><input size=\"40\" class=\"wpcf7-form-control wpcf7-text\" aria-invalid=\"false\" placeholder=\"\u0422\u0435\u043c\u0430\" value=\"\" type=\"text\" name=\"your-subject\" \/><\/span>\n<\/p>\n<p><span class=\"wpcf7-form-control-wrap\" data-name=\"your-message\"><textarea cols=\"40\" rows=\"10\" class=\"wpcf7-form-control wpcf7-textarea\" aria-invalid=\"false\" placeholder=\"\u0414\u043e\u043f\u043e\u043b\u043d\u0438\u0442\u0435\u043b\u044c\u043d\u0430\u044f \u0438\u043d\u0444\u043e\u0440\u043c\u0430\u0446\u0438\u044f\" name=\"your-message\"><\/textarea><\/span>\n<\/p>\n<div style=\"margin-top: 12px;\">\n\t<p><input class=\"wpcf7-form-control wpcf7-submit has-spinner\" type=\"submit\" value=\"\u041e\u0422\u041f\u0420\u0410\u0412\u0418\u0422\u042c\" \/>\n\t<\/p>\n<\/div><div class=\"wpcf7-response-output\" aria-hidden=\"true\"><\/div>\n<\/form>\n<\/div>\n[\/vc_column_inner][vc_column_inner width=&#8221;1\/12&#8243;][\/vc_column_inner][\/vc_row_inner][\/vc_column][vc_column][vc_row_inner css=&#8221;.vc_custom_1708333697628{margin-top: -15px !important;}&#8221;][vc_column_inner width=&#8221;1\/2&#8243;][vc_single_image image=&#8221;2152&#8243; img_size=&#8221;full&#8221; el_id=&#8221;house&#8221;][\/vc_column_inner][vc_column_inner width=&#8221;1\/2&#8243;][vc_raw_html]JTNDaWZyYW1lJTIwc3JjJTNEJTIyaHR0cHMlM0ElMkYlMkZ3d3cuZ29vZ2xlLmNvbSUyRm1hcHMlMkZlbWJlZCUzRnBiJTNEJTIxMW0xOCUyMTFtMTIlMjExbTMlMjExZDIwMzAuODc5OTA3MDkxNDg0JTIxMmQyNC43MjUwMTA5MTMwMDI2MjQlMjEzZDU5LjQwMTcxNjA3NDU0MzcxNCUyMTJtMyUyMTFmMCUyMTJmMCUyMTNmMCUyMTNtMiUyMTFpMTAyNCUyMTJpNzY4JTIxNGYxMy4xJTIxM20zJTIxMW0yJTIxMXMweDQ2OTI5NGRkMjg5YmQ5ODclMjUzQTB4MTg2ODdmMDUzMTFhMTAxZiUyMTJzSiUyNUMzJTI1QTRydmUlMjUyMDIlMjUyQyUyNTIwMTEzMTQlMjUyMFRhbGxpbm4lMjE1ZTAlMjEzbTIlMjExc2V0JTIxMnNlZSUyMTR2MTcwNzM4ODE0NDg4NyUyMTVtMiUyMTFzZXQlMjEyc2VlJTIyJTIwd2lkdGglM0QlMjI1ODUlMjIlMjBoZWlnaHQlM0QlMjI0MTIlMjIlMjBzdHlsZSUzRCUyMmJvcmRlciUzQTAlM0IlMjIlMjBhbGxvd2Z1bGxzY3JlZW4lM0QlMjIlMjIlMjBsb2FkaW5nJTNEJTIybGF6eSUyMiUyMHJlZmVycmVycG9saWN5JTNEJTIybm8tcmVmZXJyZXItd2hlbi1kb3duZ3JhZGUlMjIlM0UlM0MlMkZpZnJhbWUlM0U=[\/vc_raw_html][\/vc_column_inner][\/vc_row_inner][vc_empty_space][\/vc_column][\/vc_row]\n<\/div>","protected":false},"excerpt":{"rendered":"<p>[vc_row full_width=&#8221;stretch_row_content&#8221; bg_type=&#8221;image&#8221; parallax_style=&#8221;vcpb-vz-jquery&#8221; bg_image_new=&#8221;id^1229|url^http:\/\/woodmaster.ee\/wp-content\/uploads\/2018\/06\/alamleht-tiny-4.jpg|caption^null|alt^null|title^alamleht-tiny-4|description^null&#8221; bg_image_repeat=&#8221;no-repeat&#8221; css=&#8221;.vc_custom_1707468391414{margin-bottom: -2px !important;}&#8221;][vc_column][vc_empty_space height=&#8221;380px&#8221;][\/vc_column][\/vc_row][vc_row full_width=&#8221;stretch_row_content&#8221; css_animation=&#8221;none&#8221; bg_type=&#8221;bg_color&#8221; bg_color_value=&#8221;#dee0de&#8221;][vc_column][\/vc_column][\/vc_row][vc_row full_width=&#8221;stretch_row&#8221; bg_type=&#8221;bg_color&#8221; bg_color_value=&#8221;#fdfffc&#8221;][vc_column][vc_row_inner][vc_column_inner width=&#8221;1\/6&#8243;][\/vc_column_inner][vc_column_inner width=&#8221;2\/6&#8243;][\/vc_column_inner][vc_column_inner width=&#8221;2\/6&#8243;][\/vc_column_inner][vc_column_inner width=&#8221;1\/6&#8243;][\/vc_column_inner][\/vc_row_inner][vc_empty_space][\/vc_column][\/vc_row][vc_row full_width=&#8221;stretch_row&#8221; bg_type=&#8221;bg_color&#8221; bg_color_value=&#8221;#dee0de&#8221; css=&#8221;.vc_custom_1527756404519{margin-bottom: -30px !important;}&#8221;][vc_column][vc_empty_space height=&#8221;15px&#8221;][vc_row_inner content_placement=&#8221;middle&#8221;][vc_column_inner width=&#8221;1\/12&#8243;][\/vc_column_inner][vc_column_inner width=&#8221;5\/12&#8243;][\/vc_column_inner][vc_column_inner width=&#8221;5\/12&#8243;][\/vc_column_inner][vc_column_inner width=&#8221;1\/12&#8243;][\/vc_column_inner][\/vc_row_inner][\/vc_column][vc_column][vc_row_inner css=&#8221;.vc_custom_1708333697628{margin-top: -15px !important;}&#8221;][vc_column_inner width=&#8221;1\/2&#8243;][vc_single_image image=&#8221;2152&#8243; img_size=&#8221;full&#8221; el_id=&#8221;house&#8221;][\/vc_column_inner][vc_column_inner width=&#8221;1\/2&#8243;][vc_raw_html]JTNDaWZyYW1lJTIwc3JjJTNEJTIyaHR0cHMlM0ElMkYlMkZ3d3cuZ29vZ2xlLmNvbSUyRm1hcHMlMkZlbWJlZCUzRnBiJTNEJTIxMW0xOCUyMTFtMTIlMjExbTMlMjExZDIwMzAuODc5OTA3MDkxNDg0JTIxMmQyNC43MjUwMTA5MTMwMDI2MjQlMjEzZDU5LjQwMTcxNjA3NDU0MzcxNCUyMTJtMyUyMTFmMCUyMTJmMCUyMTNmMCUyMTNtMiUyMTFpMTAyNCUyMTJpNzY4JTIxNGYxMy4xJTIxM20zJTIxMW0yJTIxMXMweDQ2OTI5NGRkMjg5YmQ5ODclMjUzQTB4MTg2ODdmMDUzMTFhMTAxZiUyMTJzSiUyNUMzJTI1QTRydmUlMjUyMDIlMjUyQyUyNTIwMTEzMTQlMjUyMFRhbGxpbm4lMjE1ZTAlMjEzbTIlMjExc2V0JTIxMnNlZSUyMTR2MTcwNzM4ODE0NDg4NyUyMTVtMiUyMTFzZXQlMjEyc2VlJTIyJTIwd2lkdGglM0QlMjI1ODUlMjIlMjBoZWlnaHQlM0QlMjI0MTIlMjIlMjBzdHlsZSUzRCUyMmJvcmRlciUzQTAlM0IlMjIlMjBhbGxvd2Z1bGxzY3JlZW4lM0QlMjIlMjIlMjBsb2FkaW5nJTNEJTIybGF6eSUyMiUyMHJlZmVycmVycG9saWN5JTNEJTIybm8tcmVmZXJyZXItd2hlbi1kb3duZ3JhZGUlMjIlM0UlM0MlMkZpZnJhbWUlM0U=[\/vc_raw_html][\/vc_column_inner][\/vc_row_inner][vc_empty_space][\/vc_column][\/vc_row]<\/p>\n","protected":false},"author":1,"featured_media":0,"parent":0,"menu_order":0,"comment_status":"closed","ping_status":"closed","template":"template-blank-1.php","meta":{"footnotes":""},"yoast_head":"<!-- This site is optimized with the Yoast SEO plugin v22.0 - https:\/\/yoast.com\/wordpress\/plugins\/seo\/ -->\n<title>\u041a\u043e\u043d\u0442\u0430\u043a\u0442 - Woodmaster O\u00dc<\/title>\n<meta name=\"robots\" content=\"index, follow, max-snippet:-1, max-image-preview:large, max-video-preview:-1\" \/>\n<link rel=\"canonical\" href=\"https:\/\/woodmaster.ee\/ru\/kontakt\/\" \/>\n<meta property=\"og:locale\" content=\"ru_RU\" \/>\n<meta property=\"og:type\" content=\"article\" \/>\n<meta property=\"og:title\" content=\"\u041a\u043e\u043d\u0442\u0430\u043a\u0442 - Woodmaster O\u00dc\" \/>\n<meta property=\"og:description\" content=\"[vc_row full_width=&#8221;stretch_row_content&#8221; bg_type=&#8221;image&#8221; parallax_style=&#8221;vcpb-vz-jquery&#8221; bg_image_new=&#8221;id^1229|url^http:\/\/woodmaster.ee\/wp-content\/uploads\/2018\/06\/alamleht-tiny-4.jpg|caption^null|alt^null|title^alamleht-tiny-4|description^null&#8221; bg_image_repeat=&#8221;no-repeat&#8221; css=&#8221;.vc_custom_1707468391414{margin-bottom: -2px !important;}&#8221;][vc_column][vc_empty_space height=&#8221;380px&#8221;][\/vc_column][\/vc_row][vc_row full_width=&#8221;stretch_row_content&#8221; css_animation=&#8221;none&#8221; bg_type=&#8221;bg_color&#8221; bg_color_value=&#8221;#dee0de&#8221;][vc_column][\/vc_column][\/vc_row][vc_row full_width=&#8221;stretch_row&#8221; bg_type=&#8221;bg_color&#8221; bg_color_value=&#8221;#fdfffc&#8221;][vc_column][vc_row_inner][vc_column_inner width=&#8221;1\/6&#8243;][\/vc_column_inner][vc_column_inner width=&#8221;2\/6&#8243;][\/vc_column_inner][vc_column_inner width=&#8221;2\/6&#8243;][\/vc_column_inner][vc_column_inner width=&#8221;1\/6&#8243;][\/vc_column_inner][\/vc_row_inner][vc_empty_space][\/vc_column][\/vc_row][vc_row full_width=&#8221;stretch_row&#8221; bg_type=&#8221;bg_color&#8221; bg_color_value=&#8221;#dee0de&#8221; css=&#8221;.vc_custom_1527756404519{margin-bottom: -30px !important;}&#8221;][vc_column][vc_empty_space height=&#8221;15px&#8221;][vc_row_inner content_placement=&#8221;middle&#8221;][vc_column_inner width=&#8221;1\/12&#8243;][\/vc_column_inner][vc_column_inner width=&#8221;5\/12&#8243;][\/vc_column_inner][vc_column_inner width=&#8221;5\/12&#8243;][\/vc_column_inner][vc_column_inner width=&#8221;1\/12&#8243;][\/vc_column_inner][\/vc_row_inner][\/vc_column][vc_column][vc_row_inner css=&#8221;.vc_custom_1708333697628{margin-top: -15px !important;}&#8221;][vc_column_inner width=&#8221;1\/2&#8243;][vc_single_image image=&#8221;2152&#8243; img_size=&#8221;full&#8221; el_id=&#8221;house&#8221;][\/vc_column_inner][vc_column_inner width=&#8221;1\/2&#8243;][vc_raw_html]JTNDaWZyYW1lJTIwc3JjJTNEJTIyaHR0cHMlM0ElMkYlMkZ3d3cuZ29vZ2xlLmNvbSUyRm1hcHMlMkZlbWJlZCUzRnBiJTNEJTIxMW0xOCUyMTFtMTIlMjExbTMlMjExZDIwMzAuODc5OTA3MDkxNDg0JTIxMmQyNC43MjUwMTA5MTMwMDI2MjQlMjEzZDU5LjQwMTcxNjA3NDU0MzcxNCUyMTJtMyUyMTFmMCUyMTJmMCUyMTNmMCUyMTNtMiUyMTFpMTAyNCUyMTJpNzY4JTIxNGYxMy4xJTIxM20zJTIxMW0yJTIxMXMweDQ2OTI5NGRkMjg5YmQ5ODclMjUzQTB4MTg2ODdmMDUzMTFhMTAxZiUyMTJzSiUyNUMzJTI1QTRydmUlMjUyMDIlMjUyQyUyNTIwMTEzMTQlMjUyMFRhbGxpbm4lMjE1ZTAlMjEzbTIlMjExc2V0JTIxMnNlZSUyMTR2MTcwNzM4ODE0NDg4NyUyMTVtMiUyMTFzZXQlMjEyc2VlJTIyJTIwd2lkdGglM0QlMjI1ODUlMjIlMjBoZWlnaHQlM0QlMjI0MTIlMjIlMjBzdHlsZSUzRCUyMmJvcmRlciUzQTAlM0IlMjIlMjBhbGxvd2Z1bGxzY3JlZW4lM0QlMjIlMjIlMjBsb2FkaW5nJTNEJTIybGF6eSUyMiUyMHJlZmVycmVycG9saWN5JTNEJTIybm8tcmVmZXJyZXItd2hlbi1kb3duZ3JhZGUlMjIlM0UlM0MlMkZpZnJhbWUlM0U=[\/vc_raw_html][\/vc_column_inner][\/vc_row_inner][vc_empty_space][\/vc_column][\/vc_row]\" \/>\n<meta property=\"og:url\" content=\"https:\/\/woodmaster.ee\/ru\/kontakt\/\" \/>\n<meta property=\"og:site_name\" content=\"Woodmaster O\u00dc\" \/>\n<meta property=\"article:modified_time\" content=\"2024-02-19T11:54:00+00:00\" \/>\n<meta name=\"twitter:card\" content=\"summary_large_image\" \/>\n<meta name=\"twitter:label1\" content=\"Est. reading time\" \/>\n\t<meta name=\"twitter:data1\" content=\"2 minutes\" \/>\n<script type=\"application\/ld+json\" class=\"yoast-schema-graph\">{\"@context\":\"https:\/\/schema.org\",\"@graph\":[{\"@type\":\"WebPage\",\"@id\":\"https:\/\/woodmaster.ee\/ru\/kontakt\/\",\"url\":\"https:\/\/woodmaster.ee\/ru\/kontakt\/\",\"name\":\"\u041a\u043e\u043d\u0442\u0430\u043a\u0442 - Woodmaster O\u00dc\",\"isPartOf\":{\"@id\":\"http:\/\/woodmaster.ee\/#website\"},\"datePublished\":\"2018-05-15T16:18:58+00:00\",\"dateModified\":\"2024-02-19T11:54:00+00:00\",\"breadcrumb\":{\"@id\":\"https:\/\/woodmaster.ee\/ru\/kontakt\/#breadcrumb\"},\"inLanguage\":\"ru-RU\",\"potentialAction\":[{\"@type\":\"ReadAction\",\"target\":[\"https:\/\/woodmaster.ee\/ru\/kontakt\/\"]}]},{\"@type\":\"BreadcrumbList\",\"@id\":\"https:\/\/woodmaster.ee\/ru\/kontakt\/#breadcrumb\",\"itemListElement\":[{\"@type\":\"ListItem\",\"position\":1,\"name\":\"Home\",\"item\":\"http:\/\/woodmaster.ee\/ru\/\"},{\"@type\":\"ListItem\",\"position\":2,\"name\":\"\u041a\u043e\u043d\u0442\u0430\u043a\u0442\"}]},{\"@type\":\"WebSite\",\"@id\":\"http:\/\/woodmaster.ee\/#website\",\"url\":\"http:\/\/woodmaster.ee\/\",\"name\":\"Woodmaster O\u00dc\",\"description\":\"Metsa- ja maaparandust\u00f6\u00f6d\",\"publisher\":{\"@id\":\"http:\/\/woodmaster.ee\/#organization\"},\"potentialAction\":[{\"@type\":\"SearchAction\",\"target\":{\"@type\":\"EntryPoint\",\"urlTemplate\":\"http:\/\/woodmaster.ee\/?s={search_term_string}\"},\"query-input\":\"required name=search_term_string\"}],\"inLanguage\":\"ru-RU\"},{\"@type\":\"Organization\",\"@id\":\"http:\/\/woodmaster.ee\/#organization\",\"name\":\"Woodmaster O\u00dc\",\"url\":\"http:\/\/woodmaster.ee\/\",\"logo\":{\"@type\":\"ImageObject\",\"inLanguage\":\"ru-RU\",\"@id\":\"http:\/\/woodmaster.ee\/#\/schema\/logo\/image\/\",\"url\":\"http:\/\/woodmaster.ee\/wp-content\/uploads\/2018\/05\/logo-web-original-1.png\",\"contentUrl\":\"http:\/\/woodmaster.ee\/wp-content\/uploads\/2018\/05\/logo-web-original-1.png\",\"width\":800,\"height\":316,\"caption\":\"Woodmaster O\u00dc\"},\"image\":{\"@id\":\"http:\/\/woodmaster.ee\/#\/schema\/logo\/image\/\"}}]}<\/script>\n<!-- \/ Yoast SEO plugin. -->","yoast_head_json":{"title":"\u041a\u043e\u043d\u0442\u0430\u043a\u0442 - Woodmaster O\u00dc","robots":{"index":"index","follow":"follow","max-snippet":"max-snippet:-1","max-image-preview":"max-image-preview:large","max-video-preview":"max-video-preview:-1"},"canonical":"https:\/\/woodmaster.ee\/ru\/kontakt\/","og_locale":"ru_RU","og_type":"article","og_title":"\u041a\u043e\u043d\u0442\u0430\u043a\u0442 - Woodmaster O\u00dc","og_description":"[vc_row full_width=&#8221;stretch_row_content&#8221; bg_type=&#8221;image&#8221; parallax_style=&#8221;vcpb-vz-jquery&#8221; bg_image_new=&#8221;id^1229|url^http:\/\/woodmaster.ee\/wp-content\/uploads\/2018\/06\/alamleht-tiny-4.jpg|caption^null|alt^null|title^alamleht-tiny-4|description^null&#8221; bg_image_repeat=&#8221;no-repeat&#8221; css=&#8221;.vc_custom_1707468391414{margin-bottom: -2px !important;}&#8221;][vc_column][vc_empty_space height=&#8221;380px&#8221;][\/vc_column][\/vc_row][vc_row full_width=&#8221;stretch_row_content&#8221; css_animation=&#8221;none&#8221; bg_type=&#8221;bg_color&#8221; bg_color_value=&#8221;#dee0de&#8221;][vc_column][\/vc_column][\/vc_row][vc_row full_width=&#8221;stretch_row&#8221; bg_type=&#8221;bg_color&#8221; bg_color_value=&#8221;#fdfffc&#8221;][vc_column][vc_row_inner][vc_column_inner width=&#8221;1\/6&#8243;][\/vc_column_inner][vc_column_inner width=&#8221;2\/6&#8243;][\/vc_column_inner][vc_column_inner width=&#8221;2\/6&#8243;][\/vc_column_inner][vc_column_inner width=&#8221;1\/6&#8243;][\/vc_column_inner][\/vc_row_inner][vc_empty_space][\/vc_column][\/vc_row][vc_row full_width=&#8221;stretch_row&#8221; bg_type=&#8221;bg_color&#8221; bg_color_value=&#8221;#dee0de&#8221; css=&#8221;.vc_custom_1527756404519{margin-bottom: -30px !important;}&#8221;][vc_column][vc_empty_space height=&#8221;15px&#8221;][vc_row_inner content_placement=&#8221;middle&#8221;][vc_column_inner width=&#8221;1\/12&#8243;][\/vc_column_inner][vc_column_inner width=&#8221;5\/12&#8243;][\/vc_column_inner][vc_column_inner width=&#8221;5\/12&#8243;][\/vc_column_inner][vc_column_inner width=&#8221;1\/12&#8243;][\/vc_column_inner][\/vc_row_inner][\/vc_column][vc_column][vc_row_inner css=&#8221;.vc_custom_1708333697628{margin-top: -15px !important;}&#8221;][vc_column_inner width=&#8221;1\/2&#8243;][vc_single_image image=&#8221;2152&#8243; img_size=&#8221;full&#8221; el_id=&#8221;house&#8221;][\/vc_column_inner][vc_column_inner width=&#8221;1\/2&#8243;][vc_raw_html]JTNDaWZyYW1lJTIwc3JjJTNEJTIyaHR0cHMlM0ElMkYlMkZ3d3cuZ29vZ2xlLmNvbSUyRm1hcHMlMkZlbWJlZCUzRnBiJTNEJTIxMW0xOCUyMTFtMTIlMjExbTMlMjExZDIwMzAuODc5OTA3MDkxNDg0JTIxMmQyNC43MjUwMTA5MTMwMDI2MjQlMjEzZDU5LjQwMTcxNjA3NDU0MzcxNCUyMTJtMyUyMTFmMCUyMTJmMCUyMTNmMCUyMTNtMiUyMTFpMTAyNCUyMTJpNzY4JTIxNGYxMy4xJTIxM20zJTIxMW0yJTIxMXMweDQ2OTI5NGRkMjg5YmQ5ODclMjUzQTB4MTg2ODdmMDUzMTFhMTAxZiUyMTJzSiUyNUMzJTI1QTRydmUlMjUyMDIlMjUyQyUyNTIwMTEzMTQlMjUyMFRhbGxpbm4lMjE1ZTAlMjEzbTIlMjExc2V0JTIxMnNlZSUyMTR2MTcwNzM4ODE0NDg4NyUyMTVtMiUyMTFzZXQlMjEyc2VlJTIyJTIwd2lkdGglM0QlMjI1ODUlMjIlMjBoZWlnaHQlM0QlMjI0MTIlMjIlMjBzdHlsZSUzRCUyMmJvcmRlciUzQTAlM0IlMjIlMjBhbGxvd2Z1bGxzY3JlZW4lM0QlMjIlMjIlMjBsb2FkaW5nJTNEJTIybGF6eSUyMiUyMHJlZmVycmVycG9saWN5JTNEJTIybm8tcmVmZXJyZXItd2hlbi1kb3duZ3JhZGUlMjIlM0UlM0MlMkZpZnJhbWUlM0U=[\/vc_raw_html][\/vc_column_inner][\/vc_row_inner][vc_empty_space][\/vc_column][\/vc_row]","og_url":"https:\/\/woodmaster.ee\/ru\/kontakt\/","og_site_name":"Woodmaster O\u00dc","article_modified_time":"2024-02-19T11:54:00+00:00","twitter_card":"summary_large_image","twitter_misc":{"Est. reading time":"2 minutes"},"schema":{"@context":"https:\/\/schema.org","@graph":[{"@type":"WebPage","@id":"https:\/\/woodmaster.ee\/ru\/kontakt\/","url":"https:\/\/woodmaster.ee\/ru\/kontakt\/","name":"\u041a\u043e\u043d\u0442\u0430\u043a\u0442 - Woodmaster O\u00dc","isPartOf":{"@id":"http:\/\/woodmaster.ee\/#website"},"datePublished":"2018-05-15T16:18:58+00:00","dateModified":"2024-02-19T11:54:00+00:00","breadcrumb":{"@id":"https:\/\/woodmaster.ee\/ru\/kontakt\/#breadcrumb"},"inLanguage":"ru-RU","potentialAction":[{"@type":"ReadAction","target":["https:\/\/woodmaster.ee\/ru\/kontakt\/"]}]},{"@type":"BreadcrumbList","@id":"https:\/\/woodmaster.ee\/ru\/kontakt\/#breadcrumb","itemListElement":[{"@type":"ListItem","position":1,"name":"Home","item":"http:\/\/woodmaster.ee\/ru\/"},{"@type":"ListItem","position":2,"name":"\u041a\u043e\u043d\u0442\u0430\u043a\u0442"}]},{"@type":"WebSite","@id":"http:\/\/woodmaster.ee\/#website","url":"http:\/\/woodmaster.ee\/","name":"Woodmaster O\u00dc","description":"Metsa- ja maaparandust\u00f6\u00f6d","publisher":{"@id":"http:\/\/woodmaster.ee\/#organization"},"potentialAction":[{"@type":"SearchAction","target":{"@type":"EntryPoint","urlTemplate":"http:\/\/woodmaster.ee\/?s={search_term_string}"},"query-input":"required name=search_term_string"}],"inLanguage":"ru-RU"},{"@type":"Organization","@id":"http:\/\/woodmaster.ee\/#organization","name":"Woodmaster O\u00dc","url":"http:\/\/woodmaster.ee\/","logo":{"@type":"ImageObject","inLanguage":"ru-RU","@id":"http:\/\/woodmaster.ee\/#\/schema\/logo\/image\/","url":"http:\/\/woodmaster.ee\/wp-content\/uploads\/2018\/05\/logo-web-original-1.png","contentUrl":"http:\/\/woodmaster.ee\/wp-content\/uploads\/2018\/05\/logo-web-original-1.png","width":800,"height":316,"caption":"Woodmaster O\u00dc"},"image":{"@id":"http:\/\/woodmaster.ee\/#\/schema\/logo\/image\/"}}]}},"_links":{"self":[{"href":"http:\/\/woodmaster.ee\/ru\/wp-json\/wp\/v2\/pages\/1536"}],"collection":[{"href":"http:\/\/woodmaster.ee\/ru\/wp-json\/wp\/v2\/pages"}],"about":[{"href":"http:\/\/woodmaster.ee\/ru\/wp-json\/wp\/v2\/types\/page"}],"author":[{"embeddable":true,"href":"http:\/\/woodmaster.ee\/ru\/wp-json\/wp\/v2\/users\/1"}],"replies":[{"embeddable":true,"href":"http:\/\/woodmaster.ee\/ru\/wp-json\/wp\/v2\/comments?post=1536"}],"version-history":[{"count":5,"href":"http:\/\/woodmaster.ee\/ru\/wp-json\/wp\/v2\/pages\/1536\/revisions"}],"predecessor-version":[{"id":2320,"href":"http:\/\/woodmaster.ee\/ru\/wp-json\/wp\/v2\/pages\/1536\/revisions\/2320"}],"wp:attachment":[{"href":"http:\/\/woodmaster.ee\/ru\/wp-json\/wp\/v2\/media?parent=1536"}],"curies":[{"name":"wp","href":"https:\/\/api.w.org\/{rel}","templated":true}]}}